{"id":363,"date":"2026-01-08T21:48:55","date_gmt":"2026-01-08T18:48:55","guid":{"rendered":"https:\/\/www.bastoncuali.com\/?page_id=363"},"modified":"2026-01-09T12:49:43","modified_gmt":"2026-01-09T09:49:43","slug":"ali-yapici-gorsel-kutuphane","status":"publish","type":"page","link":"https:\/\/www.bastoncuali.com\/index.php\/ali-yapici-gorsel-kutuphane\/","title":{"rendered":"G\u00f6rsel K\u00fct\u00fcphane"},"content":{"rendered":"\n<style type=\"text\/css\" data-created_by=\"avia_inline_auto\" id=\"style-css-av-mk58to4o-0bafa3aa2b88af960ae2682f25344c51\">\n.avia-section.av-mk58to4o-0bafa3aa2b88af960ae2682f25344c51{\nbackground-repeat:no-repeat;\nbackground-image:url(https:\/\/www.bastoncuali.com\/wp-content\/uploads\/2025\/12\/bastoncu-slider-2.jpg);\nbackground-position:50% 0%;\nbackground-attachment:scroll;\n}\n<\/style>\n<div id='av_section_1'  class='avia-section av-mk58to4o-0bafa3aa2b88af960ae2682f25344c51 main_color avia-section-no-padding avia-no-border-styling  avia-builder-el-0  el_before_av_heading  avia-builder-el-first  avia-full-stretch avia-bg-style-scroll av-minimum-height av-minimum-height-30 av-height-percent  container_wrap sidebar_right'  data-section-bg-repeat='stretch' data-av_minimum_height_pc='30' data-av_min_height_opt='percent'><div class='container av-section-cont-open' ><main  role=\"main\" itemprop=\"mainContentOfPage\"  class='template-page content  av-content-small alpha units'><div class='post-entry post-entry-type-page post-entry-363'><div class='entry-content-wrapper clearfix'>\n\n<style type=\"text\/css\" data-created_by=\"avia_inline_auto\" id=\"style-css-av-mk58xddj-a673c78e07c4c3678cf7ab77d24ffc53\">\n#top .av-special-heading.av-mk58xddj-a673c78e07c4c3678cf7ab77d24ffc53{\npadding-bottom:10px;\ncolor:#ffffff;\n}\nbody .av-special-heading.av-mk58xddj-a673c78e07c4c3678cf7ab77d24ffc53 .av-special-heading-tag .heading-char{\nfont-size:25px;\n}\n.av-special-heading.av-mk58xddj-a673c78e07c4c3678cf7ab77d24ffc53 .special-heading-inner-border{\nborder-color:#ffffff;\n}\n.av-special-heading.av-mk58xddj-a673c78e07c4c3678cf7ab77d24ffc53 .av-subheading{\nfont-size:15px;\ncolor:#ffffff;\n}\n<\/style>\n<div  class='av-special-heading av-mk58xddj-a673c78e07c4c3678cf7ab77d24ffc53 av-special-heading-h1 custom-color-heading blockquote modern-quote modern-centered  avia-builder-el-1  avia-builder-el-no-sibling '><h1 class='av-special-heading-tag '  itemprop=\"headline\"  >DO\u011eADAN SANATA<\/h1><div class='av_custom_color av-subheading av-subheading_below'><p>Do\u011fan\u0131n bana f\u0131s\u0131ldad\u0131klar\u0131n\u0131 ah\u015faba aktar\u0131r, tabiat\u0131n t\u00fcm bilgeli\u011fini Safranbolu\u2019dan, D\u00fcnya\u2019ya payla\u015f\u0131r\u0131m\u2026<\/p>\n<\/div><div class=\"special-heading-border\"><div class=\"special-heading-inner-border\"><\/div><\/div><\/div>\n<\/div><\/div><\/main><!-- close content main element --><\/div><\/div><div id='after_section_1'  class='main_color av_default_container_wrap container_wrap sidebar_right'  ><div class='container av-section-cont-open' ><div class='template-page content  av-content-small alpha units'><div class='post-entry post-entry-type-page post-entry-363'><div class='entry-content-wrapper clearfix'>\n\n<style type=\"text\/css\" data-created_by=\"avia_inline_auto\" id=\"style-css-av-mk6mqdfl-32da2da53f500c3aa02c1b5a16365be4\">\n#top .av-special-heading.av-mk6mqdfl-32da2da53f500c3aa02c1b5a16365be4{\nmargin:0 0 20px 0;\npadding-bottom:10px;\n}\nbody .av-special-heading.av-mk6mqdfl-32da2da53f500c3aa02c1b5a16365be4 .av-special-heading-tag .heading-char{\nfont-size:25px;\npadding-bottom:10px;\n}\n.av-special-heading.av-mk6mqdfl-32da2da53f500c3aa02c1b5a16365be4 .av-subheading{\nfont-size:15px;\n}\n<\/style>\n<div  class='av-special-heading av-mk6mqdfl-32da2da53f500c3aa02c1b5a16365be4 av-special-heading-h2 blockquote elegant-quote elegant-centered  avia-builder-el-2  el_after_av_section  el_before_av_one_half  avia-builder-el-first  av-icon'><h2 class='av-special-heading-tag '  itemprop=\"headline\"  ><span class='heading-char avia-svg-icon avia-font-svg_entypo-fontello' data-av_svg_icon='youtube-play' data-av_iconset='svg_entypo-fontello'><svg version=\"1.1\" xmlns=\"http:\/\/www.w3.org\/2000\/svg\" width=\"32\" height=\"32\" viewBox=\"0 0 32 32\" preserveAspectRatio=\"xMidYMid meet\" aria-labelledby='av-svg-title-1' aria-describedby='av-svg-desc-1' role=\"graphics-symbol\">\n<title id='av-svg-title-1'>Youtube-play<\/title>\n<desc id='av-svg-desc-1'>Youtube-play<\/desc>\n<path d=\"M12.704 20.128l8.64-4.448-8.64-4.512v8.96zM16 4.736q3.008 0 5.792 0.096t4.096 0.16l1.312 0.064q0 0 0.288 0.032t0.416 0.064 0.416 0.064 0.512 0.16 0.512 0.224 0.544 0.352 0.512 0.48q0.128 0.096 0.288 0.32t0.512 1.056 0.48 1.792q0.128 1.152 0.224 2.432t0.096 2.048v3.136q0.032 2.592-0.32 5.184-0.128 0.96-0.448 1.76t-0.576 1.12l-0.256 0.288q-0.224 0.256-0.512 0.48t-0.544 0.32-0.512 0.224-0.512 0.16-0.416 0.064-0.416 0.064-0.288 0.032q-4.48 0.352-11.2 0.352-3.68-0.064-6.432-0.128t-3.552-0.128l-0.896-0.096-0.64-0.064q-0.64-0.096-0.96-0.16t-0.928-0.384-0.992-0.736q-0.128-0.096-0.288-0.32t-0.512-1.056-0.48-1.792q-0.128-1.152-0.224-2.432t-0.096-2.048v-3.136q-0.032-2.592 0.32-5.184 0.128-0.992 0.448-1.76t0.576-1.12l0.256-0.288q0.256-0.288 0.512-0.48t0.544-0.352 0.512-0.224 0.512-0.16 0.416-0.064 0.416-0.064 0.288-0.032q4.48-0.32 11.2-0.32z\"><\/path>\n<\/svg><\/span><span class=\"heading-wrap\">Tv Yay\u0131nlar\u0131<\/span><\/h2><div class='av-subheading av-subheading_below'><p>Bastonlu Ali\u2019nin ustal\u0131\u011f\u0131n\u0131n, do\u011fadaki ilham yolculu\u011funun ve geleneksel el sanatlar\u0131m\u0131z\u0131n ulusal bas\u0131n platformlar\u0131ndaki en se\u00e7kin yans\u0131malar\u0131. K\u00fclt\u00fcrel miras\u0131m\u0131z\u0131 gelece\u011fe ta\u015f\u0131yan profesyonel yap\u0131mlar ve \u00f6zel program i\u00e7erikleri.<\/p>\n<\/div><div class=\"special-heading-border\"><div class=\"special-heading-inner-border\"><\/div><\/div><\/div>\n<div  class='flex_column av-drqqb-1bac433942fd512d7845b0c7f7529354 av_one_half  avia-builder-el-3  el_after_av_heading  el_before_av_one_half  first flex_column_div  '     ><section  class='av_textblock_section av-mk6mnh3v-2bddd803c740c8f74c4e1aa87f0b5fa0 '   itemscope=\"itemscope\" itemtype=\"https:\/\/schema.org\/CreativeWork\" ><div class='avia_textblock'  itemprop=\"text\" ><div class='avia-iframe-wrap'><iframe loading=\"lazy\" title=\"Unutulmaya y\u00fcz tutmu\u015f el i\u015fi bastonlar\u0131n k\u00fclt\u00fcr tarihi - Ye\u015fil Do\u011fa 06.01.2024 Cumartesi\" width=\"1500\" height=\"844\" src=\"https:\/\/www.youtube.com\/embed\/O5tbDx5mUFk?feature=oembed\" frameborder=\"0\" allow=\"accelerometer; autoplay; clipboard-write; encrypted-media; gyroscope; picture-in-picture; web-share\" referrerpolicy=\"strict-origin-when-cross-origin\" allowfullscreen><\/iframe><\/div>\n<\/div><\/section><\/div>\n<div  class='flex_column av-6lzer-c630e0f326aa5aca6901bae5cce20e19 av_one_half  avia-builder-el-5  el_after_av_one_half  el_before_av_heading  flex_column_div  '     ><section  class='av_textblock_section av-mk6mo6e5-1f9fd3b5c58178e5bd358b1489b00afd '   itemscope=\"itemscope\" itemtype=\"https:\/\/schema.org\/CreativeWork\" ><div class='avia_textblock'  itemprop=\"text\" ><div class='avia-iframe-wrap'><iframe loading=\"lazy\" title=\"Ormanda Kanl\u0131ca Mantar\u0131 Pi\u015firdik, Ahmet amcaya k\u0131\u015f haz\u0131rl\u0131klar\u0131nda yard\u0131m ettik.\" width=\"1500\" height=\"844\" src=\"https:\/\/www.youtube.com\/embed\/gsi45j8vPQ0?feature=oembed\" frameborder=\"0\" allow=\"accelerometer; autoplay; clipboard-write; encrypted-media; gyroscope; picture-in-picture; web-share\" referrerpolicy=\"strict-origin-when-cross-origin\" allowfullscreen><\/iframe><\/div>\n<\/div><\/section><\/div>\n\n<style type=\"text\/css\" data-created_by=\"avia_inline_auto\" id=\"style-css-av-mk6mgq4c-2226c3fc211eccaf6a3c7c1647f396d0\">\n#top .av-special-heading.av-mk6mgq4c-2226c3fc211eccaf6a3c7c1647f396d0{\nmargin:0 0 20px 0;\npadding-bottom:10px;\n}\nbody .av-special-heading.av-mk6mgq4c-2226c3fc211eccaf6a3c7c1647f396d0 .av-special-heading-tag .heading-char{\nfont-size:25px;\npadding-bottom:10px;\n}\n.av-special-heading.av-mk6mgq4c-2226c3fc211eccaf6a3c7c1647f396d0 .av-subheading{\nfont-size:15px;\n}\n<\/style>\n<div  class='av-special-heading av-mk6mgq4c-2226c3fc211eccaf6a3c7c1647f396d0 av-special-heading-h2 blockquote elegant-quote elegant-centered  avia-builder-el-7  el_after_av_one_half  el_before_av_one_full  av-icon'><h2 class='av-special-heading-tag '  itemprop=\"headline\"  ><span class='heading-char avia-svg-icon avia-font-svg_entypo-fontello' data-av_svg_icon='dropbox' data-av_iconset='svg_entypo-fontello'><svg version=\"1.1\" xmlns=\"http:\/\/www.w3.org\/2000\/svg\" width=\"31\" height=\"32\" viewBox=\"0 0 31 32\" preserveAspectRatio=\"xMidYMid meet\" aria-labelledby='av-svg-title-2' aria-describedby='av-svg-desc-2' role=\"graphics-symbol\">\n<title id='av-svg-title-2'>Dropbox<\/title>\n<desc id='av-svg-desc-2'>Dropbox<\/desc>\n<path d=\"M9.152 1.408l6.208 5.056-9.088 5.888-6.272-5.248zM20.928 25.536q0.256 0 0.384-0.064l3.712-2.496v1.472l-9.664 6.080-9.664-6.080v-1.472l3.776 2.496q0.128 0.064 0.384 0.064 0.32 0 0.448-0.128l5.056-4.224 5.12 4.224q0.128 0.128 0.448 0.128zM30.72 7.104l-6.208 5.248-9.152-5.888 6.272-5.056zM15.36 18.048l9.152-5.696 5.568 4.48-9.024 5.888zM9.728 22.72l-9.024-5.888 5.568-4.48 9.088 5.696z\"><\/path>\n<\/svg><\/span><span class=\"heading-wrap\">Sanat Bulu\u015fmalar\u0131<\/span><\/h2><div class='av-subheading av-subheading_below'><p>Bir zanaat\u0131 gelece\u011fe ta\u015f\u0131rken biriktirdi\u011fimiz en g\u00fczel de\u011fer, sizlerin g\u00fcl\u00fcmsemesi oldu. Sanat\u0131m\u0131z\u0131 birlikte icra etti\u011fimiz etkinliklerden en \u00f6zel kareler..<\/p>\n<\/div><div class=\"special-heading-border\"><div class=\"special-heading-inner-border\"><\/div><\/div><\/div>\n<div  class='flex_column av-f0epd-f8a2dc6a9efb8cf1fd786ee7964b1963 av_one_full  avia-builder-el-8  el_after_av_heading  avia-builder-el-last  first flex_column_div  '     ><section  class='av_textblock_section av-mk5amsmc-feeda8abc323e2f193d1086c4fdb6912 '   itemscope=\"itemscope\" itemtype=\"https:\/\/schema.org\/CreativeWork\" ><div class='avia_textblock'  itemprop=\"text\" ><div id=\"justified_gallery_R7dqkS\" class=\"sgg-style-1 \">\r\n\t<a href=\"https:\/\/www.bastoncuali.com\/wp-content\/uploads\/2026\/01\/20250919_101826.jpg\"><img decoding=\"async\" src=\"https:\/\/www.bastoncuali.com\/wp-content\/uploads\/2026\/01\/20250919_101826-1030x773.jpg\" alt=\"20250919_101826\"\/><\/a><a href=\"https:\/\/www.bastoncuali.com\/wp-content\/uploads\/2026\/01\/20251018_155347-rotated.jpg\"><img decoding=\"async\" src=\"https:\/\/www.bastoncuali.com\/wp-content\/uploads\/2026\/01\/20251018_155347-225x300.jpg\" alt=\"20251018_155347\"\/><\/a><a href=\"https:\/\/www.bastoncuali.com\/wp-content\/uploads\/2026\/01\/20251026_104139.jpg\"><img decoding=\"async\" src=\"https:\/\/www.bastoncuali.com\/wp-content\/uploads\/2026\/01\/20251026_104139-1030x773.jpg\" alt=\"20251026_104139\"\/><\/a><a href=\"https:\/\/www.bastoncuali.com\/wp-content\/uploads\/2026\/01\/20251026_122341.jpg\"><img decoding=\"async\" src=\"https:\/\/www.bastoncuali.com\/wp-content\/uploads\/2026\/01\/20251026_122341-1030x773.jpg\" alt=\"20251026_122341\"\/><\/a><a href=\"https:\/\/www.bastoncuali.com\/wp-content\/uploads\/2026\/01\/20251031_150512-rotated.jpg\"><img decoding=\"async\" src=\"https:\/\/www.bastoncuali.com\/wp-content\/uploads\/2026\/01\/20251031_150512-225x300.jpg\" alt=\"20251031_150512\"\/><\/a><a href=\"https:\/\/www.bastoncuali.com\/wp-content\/uploads\/2026\/01\/20251115_094421-rotated.jpg\"><img decoding=\"async\" src=\"https:\/\/www.bastoncuali.com\/wp-content\/uploads\/2026\/01\/20251115_094421-225x300.jpg\" alt=\"20251115_094421\"\/><\/a><a href=\"https:\/\/www.bastoncuali.com\/wp-content\/uploads\/2026\/01\/20251123_115003.jpg\"><img decoding=\"async\" src=\"https:\/\/www.bastoncuali.com\/wp-content\/uploads\/2026\/01\/20251123_115003-1030x773.jpg\" alt=\"20251123_115003\"\/><\/a><a href=\"https:\/\/www.bastoncuali.com\/wp-content\/uploads\/2026\/01\/20251123_130156.jpg\"><img decoding=\"async\" src=\"https:\/\/www.bastoncuali.com\/wp-content\/uploads\/2026\/01\/20251123_130156-1030x773.jpg\" alt=\"20251123_130156\"\/><\/a><a href=\"https:\/\/www.bastoncuali.com\/wp-content\/uploads\/2026\/01\/20251123_174532-rotated.jpg\"><img decoding=\"async\" src=\"https:\/\/www.bastoncuali.com\/wp-content\/uploads\/2026\/01\/20251123_174532-225x300.jpg\" alt=\"20251123_174532\"\/><\/a><a href=\"https:\/\/www.bastoncuali.com\/wp-content\/uploads\/2026\/01\/20251206_142239.jpg\"><img decoding=\"async\" src=\"https:\/\/www.bastoncuali.com\/wp-content\/uploads\/2026\/01\/20251206_142239-169x300.jpg\" alt=\"20251206_142239\"\/><\/a><a href=\"https:\/\/www.bastoncuali.com\/wp-content\/uploads\/2026\/01\/20251207_142104-rotated.jpg\"><img decoding=\"async\" src=\"https:\/\/www.bastoncuali.com\/wp-content\/uploads\/2026\/01\/20251207_142104-169x300.jpg\" alt=\"20251207_142104\"\/><\/a><a href=\"https:\/\/www.bastoncuali.com\/wp-content\/uploads\/2026\/01\/20251207_142123-rotated.jpg\"><img decoding=\"async\" src=\"https:\/\/www.bastoncuali.com\/wp-content\/uploads\/2026\/01\/20251207_142123-169x300.jpg\" alt=\"20251207_142123\"\/><\/a><a href=\"https:\/\/www.bastoncuali.com\/wp-content\/uploads\/2026\/01\/20251218_165844.jpg\"><img decoding=\"async\" src=\"https:\/\/www.bastoncuali.com\/wp-content\/uploads\/2026\/01\/20251218_165844-1030x773.jpg\" alt=\"20251218_165844\"\/><\/a><a href=\"https:\/\/www.bastoncuali.com\/wp-content\/uploads\/2026\/01\/20251220_150230.jpg\"><img decoding=\"async\" src=\"https:\/\/www.bastoncuali.com\/wp-content\/uploads\/2026\/01\/20251220_150230-180x300.jpg\" alt=\"20251220_150230\"\/><\/a><a href=\"https:\/\/www.bastoncuali.com\/wp-content\/uploads\/2026\/01\/20251220_194818.jpg\"><img decoding=\"async\" src=\"https:\/\/www.bastoncuali.com\/wp-content\/uploads\/2026\/01\/20251220_194818-1030x580.jpg\" alt=\"20251220_194818\"\/><\/a><a href=\"https:\/\/www.bastoncuali.com\/wp-content\/uploads\/2026\/01\/20251220_194820.jpg\"><img decoding=\"async\" src=\"https:\/\/www.bastoncuali.com\/wp-content\/uploads\/2026\/01\/20251220_194820-1030x580.jpg\" alt=\"20251220_194820\"\/><\/a><a href=\"https:\/\/www.bastoncuali.com\/wp-content\/uploads\/2026\/01\/IMG_7174.jpg\"><img decoding=\"async\" src=\"https:\/\/www.bastoncuali.com\/wp-content\/uploads\/2026\/01\/IMG_7174-1030x579.jpg\" alt=\"IMG_7174\"\/><\/a><a href=\"https:\/\/www.bastoncuali.com\/wp-content\/uploads\/2026\/01\/IMG_7178-rotated.jpg\"><img decoding=\"async\" src=\"https:\/\/www.bastoncuali.com\/wp-content\/uploads\/2026\/01\/IMG_7178-169x300.jpg\" alt=\"IMG_7178\"\/><\/a><a href=\"https:\/\/www.bastoncuali.com\/wp-content\/uploads\/2026\/01\/IMG_7182-rotated.jpg\"><img decoding=\"async\" src=\"https:\/\/www.bastoncuali.com\/wp-content\/uploads\/2026\/01\/IMG_7182-169x300.jpg\" alt=\"IMG_7182\"\/><\/a><\/div>\r\n<div id=\"load_more_holder_R7dqkS\" style=\"display:none\"><\/div>\r\n\t\t\t<script type=\"text\/javascript\">\r\n\t\t\t\t(function($){\r\n\t\t\t\t\t$(\"#justified_gallery_R7dqkS\").justifiedGallery({\r\n\t\t\t\t\t\tsizeRangeSuffixes : {\r\n\t\t\t\t'lt100': '', \r\n\t\t\t\t'lt240': '', \r\n\t\t\t\t'lt320': '', \r\n\t\t\t\t'lt500': '', \r\n\t\t\t\t'lt640': '', \r\n\t\t\t\t'lt1024': ''\r\n\t\t\t},rowHeight: 155,\r\nmargins: 5,\r\nlastRow: \"nojustify\",\r\nfixedHeight: false,\r\ncaptions: false,\r\ncaptionsColor: \"#000000\",\r\ncaptionsOpacity: 0.7,\r\nrandomize: false,\r\nmaxRowHeight: 0,\r\nrel: \"R7dqkS\",\r\ntarget: null,\r\nrefreshTime: 250,\r\ncssAnimation: true,\r\ncaptionsAnimationDuration: 500,\r\nimagesAnimationDuration: 300,\r\ncaptionsVisibleOpacity: 0.7,\r\nclass: \"\",\r\n\t\t\t\t\t})\r\n\t\t\t\t\t.on('jg.complete', function(){\r\n\t\t\t\t\t\t\t\t\t\t\t});\r\n\t\t\t\t\t\t\t\t\t\t\t\t\t\t\t\t\t\t\tvar galleries = [];\r\n\t\t\t\tvar gallery = $(\"#justified_gallery_R7dqkS\");\r\n\t\t\t\t$(window).scroll(function() {\r\n\t\t\t\t\tif ( galleries.length >= 1  ) {\r\n\t\t\t\t\t\tvar scroll_top = $(window).scrollTop();\r\n\t\t\t\t\t\tvar scroll_bottom = scroll_top + $(window).height();\r\n\t\t\t\t\t\tvar gallery_top = $(gallery).offset().top;\r\n\t\t\t\t\t\tvar gallery_height = $(gallery).innerHeight();\r\n\t\t\t\t\t\tvar gallery_bottom = gallery_top + gallery_height;\r\n\t\t\t\t\t\tif( gallery_bottom <= scroll_bottom ) {\r\n\t\t\t\t\t\t\tvar images = galleries.splice(0,1);\r\n\t\t\t\t\t\t\tvar image_html = $(\"#load_more_holder_R7dqkS\").html(images).text();\r\n\t\t\t\t\t\t\t$(gallery).append(image_html);\r\n\t\t\t\t\t\t\t$(gallery).justifiedGallery('norewind');\r\n\t\t\t\t\t\t}\r\n\t\t\t\t\t}\r\n\t\t\t\t});\t\t\t\t})(jQuery);\r\n\t\t\t<\/script>\r\n\t\t\t\t\t\t<style>\r\n\t            #justified_gallery_R7dqkS .sgg-caption {\r\n\t\t\t\t\tbackground: rgb(0,0,0);\r\n\t\t\t\t\tbackground: rgba(0,0,0,0.7);\r\n\t\t\t\t\tcolor: #ffffff;\r\n\t\t\t\t\tfont-size: 1em;\r\n\t\t\t\t\tfont-weight: 400;\r\n\t\t\t\t\tfont-family: Helvetica, Arial, sans-serif;\r\n\t\t\t\t}\r\n\t\t\t\t#load_more_R7dqkS {\r\n\t\t\t\t    background: #444444;\r\n\t\t\t\t    color: #ffffff;\r\n\t\t\t\t}\r\n\t\t\t<\/style>\r\n        \t\n<\/div><\/section><\/div>\n","protected":false},"excerpt":{"rendered":"","protected":false},"author":1,"featured_media":0,"parent":0,"menu_order":0,"comment_status":"closed","ping_status":"closed","template":"","meta":{"footnotes":""},"class_list":["post-363","page","type-page","status-publish","hentry"],"jetpack_sharing_enabled":true,"_links":{"self":[{"href":"https:\/\/www.bastoncuali.com\/index.php\/wp-json\/wp\/v2\/pages\/363","targetHints":{"allow":["GET"]}}],"collection":[{"href":"https:\/\/www.bastoncuali.com\/index.php\/wp-json\/wp\/v2\/pages"}],"about":[{"href":"https:\/\/www.bastoncuali.com\/index.php\/wp-json\/wp\/v2\/types\/page"}],"author":[{"embeddable":true,"href":"https:\/\/www.bastoncuali.com\/index.php\/wp-json\/wp\/v2\/users\/1"}],"replies":[{"embeddable":true,"href":"https:\/\/www.bastoncuali.com\/index.php\/wp-json\/wp\/v2\/comments?post=363"}],"version-history":[{"count":17,"href":"https:\/\/www.bastoncuali.com\/index.php\/wp-json\/wp\/v2\/pages\/363\/revisions"}],"predecessor-version":[{"id":782,"href":"https:\/\/www.bastoncuali.com\/index.php\/wp-json\/wp\/v2\/pages\/363\/revisions\/782"}],"wp:attachment":[{"href":"https:\/\/www.bastoncuali.com\/index.php\/wp-json\/wp\/v2\/media?parent=363"}],"curies":[{"name":"wp","href":"https:\/\/api.w.org\/{rel}","templated":true}]}}