{"id":297,"date":"2026-01-08T12:22:03","date_gmt":"2026-01-08T09:22:03","guid":{"rendered":"https:\/\/www.bastoncuali.com\/?page_id=297"},"modified":"2026-01-09T14:12:57","modified_gmt":"2026-01-09T11:12:57","slug":"kimdir","status":"publish","type":"page","link":"https:\/\/www.bastoncuali.com\/index.php\/kimdir\/","title":{"rendered":"Ali Yap\u0131c\u0131 Kimdir?"},"content":{"rendered":"\n<style type=\"text\/css\" data-created_by=\"avia_inline_auto\" id=\"style-css-av-mk58to4o-abf59abf55b836dbc552113bce6bb328\">\n.avia-section.av-mk58to4o-abf59abf55b836dbc552113bce6bb328{\nbackground-repeat:no-repeat;\nbackground-image:url(https:\/\/www.bastoncuali.com\/wp-content\/uploads\/2025\/12\/bastoncu-slider-1.jpg);\nbackground-position:100% 0%;\nbackground-attachment:scroll;\n}\n<\/style>\n<div id='av_section_1'  class='avia-section av-mk58to4o-abf59abf55b836dbc552113bce6bb328 main_color avia-section-no-padding avia-no-border-styling  avia-builder-el-0  el_before_av_one_full  avia-builder-el-first  avia-full-stretch avia-bg-style-scroll av-minimum-height av-minimum-height-35 av-height-percent  container_wrap sidebar_right'  data-section-bg-repeat='stretch' data-av_minimum_height_pc='35' data-av_min_height_opt='percent'><div class='container av-section-cont-open' ><main  role=\"main\" itemprop=\"mainContentOfPage\"  class='template-page content  av-content-small alpha units'><div class='post-entry post-entry-type-page post-entry-297'><div class='entry-content-wrapper clearfix'>\n\n<style type=\"text\/css\" data-created_by=\"avia_inline_auto\" id=\"style-css-av-mk58xddj-3b5e1171f04f2f8a4a04f7eae0e6aa68\">\n#top .av-special-heading.av-mk58xddj-3b5e1171f04f2f8a4a04f7eae0e6aa68{\npadding-bottom:10px;\ncolor:#ffffff;\n}\nbody .av-special-heading.av-mk58xddj-3b5e1171f04f2f8a4a04f7eae0e6aa68 .av-special-heading-tag .heading-char{\nfont-size:25px;\n}\n.av-special-heading.av-mk58xddj-3b5e1171f04f2f8a4a04f7eae0e6aa68 .special-heading-inner-border{\nborder-color:#ffffff;\n}\n.av-special-heading.av-mk58xddj-3b5e1171f04f2f8a4a04f7eae0e6aa68 .av-subheading{\nfont-size:15px;\ncolor:#ffffff;\n}\n<\/style>\n<div  class='av-special-heading av-mk58xddj-3b5e1171f04f2f8a4a04f7eae0e6aa68 av-special-heading-h2 custom-color-heading blockquote modern-quote modern-centered  avia-builder-el-1  avia-builder-el-no-sibling '><h2 class='av-special-heading-tag '  itemprop=\"headline\"  >DO\u011eADAN SANATA<\/h2><div class='av_custom_color av-subheading av-subheading_below'><p>Do\u011fan\u0131n bana f\u0131s\u0131ldad\u0131klar\u0131n\u0131 ah\u015faba aktar\u0131r, tabiat\u0131n t\u00fcm bilgeli\u011fini Safranbolu\u2019dan, D\u00fcnya\u2019ya payla\u015f\u0131r\u0131m\u2026<\/p>\n<\/div><div class=\"special-heading-border\"><div class=\"special-heading-inner-border\"><\/div><\/div><\/div>\n<\/div><\/div><\/main><!-- close content main element --><\/div><\/div><div id='after_section_1'  class='main_color av_default_container_wrap container_wrap sidebar_right'  ><div class='container av-section-cont-open' ><div class='template-page content  av-content-small alpha units'><div class='post-entry post-entry-type-page post-entry-297'><div class='entry-content-wrapper clearfix'><div  class='flex_column av-f0epd-f8a2dc6a9efb8cf1fd786ee7964b1963 av_one_full  avia-builder-el-2  el_after_av_section  el_before_av_postcontent  avia-builder-el-no-sibling  first flex_column_div  '     ><p>\n<style type=\"text\/css\" data-created_by=\"avia_inline_auto\" id=\"style-css-av-mk58n632-7561d9dfd26d54021dfd85816d323f23\">\n#top .av-special-heading.av-mk58n632-7561d9dfd26d54021dfd85816d323f23{\npadding-bottom:10px;\n}\nbody .av-special-heading.av-mk58n632-7561d9dfd26d54021dfd85816d323f23 .av-special-heading-tag .heading-char{\nfont-size:25px;\n}\n.av-special-heading.av-mk58n632-7561d9dfd26d54021dfd85816d323f23 .av-subheading{\nfont-size:15px;\n}\n<\/style>\n<div  class='av-special-heading av-mk58n632-7561d9dfd26d54021dfd85816d323f23 av-special-heading-h3  avia-builder-el-3  el_before_av_textblock  avia-builder-el-first '><h3 class='av-special-heading-tag '  itemprop=\"headline\"  >Ali Yap\u0131c\u0131 Kimdir?<\/h3><div class=\"special-heading-border\"><div class=\"special-heading-inner-border\"><\/div><\/div><\/div><br \/>\n<section  class='av_textblock_section av-mk58nd5h-2a59ae227bad9297c9a5c920d5e318c1 '   itemscope=\"itemscope\" itemtype=\"https:\/\/schema.org\/CreativeWork\" ><div class='avia_textblock'  itemprop=\"text\" ><p>Safranbolu\u2019nun tarih kokan sokaklar\u0131nda, hen\u00fcz yedi ya\u015f\u0131ndayken babas\u0131n\u0131n yan\u0131nda ah\u015fap i\u015f\u00e7ili\u011fiyle tan\u0131\u015fan Ali Yap\u0131c\u0131, bug\u00fcn bu kadim gelene\u011fi hem bir zanaat hem de modern bir sanat disiplini olarak gelece\u011fe ta\u015f\u0131yan, T\u00fcrkiye\u2019nin en k\u0131ymetli k\u00fclt\u00fcr el\u00e7ilerinden biridir. \u00c7ocukluk y\u0131llar\u0131nda eline ald\u0131\u011f\u0131 keserle ba\u015flayan bu tutku, Mu\u011fla \u00dcniversitesi\u2019nde ald\u0131\u011f\u0131 turizm e\u011fitimi ve profesyonel turist rehberli\u011fi d\u00f6neminde Japonca ve \u0130ngilizce dillerindeki yetkinli\u011fiyle birle\u015ferek ona vizyoner bir bak\u0131\u015f a\u00e7\u0131s\u0131 kazand\u0131rm\u0131\u015ft\u0131r. Bir d\u00f6nem otelcilik ve m\u00fczisyenlik gibi farkl\u0131 alanlarda tecr\u00fcbe edinmi\u015f olsa da, do\u011faya olan derin tutkusu ve ah\u015faba duydu\u011fu sadakat onu as\u0131l evi olan at\u00f6lyesine geri d\u00f6nd\u00fcrm\u00fc\u015f; 2023 y\u0131l\u0131nda K\u00fclt\u00fcr ve Turizm Bakanl\u0131\u011f\u0131 taraf\u0131ndan lay\u0131k g\u00f6r\u00fcld\u00fc\u011f\u00fc &#8220;Devlet Sanat\u00e7\u0131s\u0131&#8221; unvan\u0131 ile ustal\u0131\u011f\u0131 ulusal d\u00fczeyde tescillenmi\u015ftir. Sadece geleneksel y\u00f6ntemlerle as\u00e2 ve baston \u00fcretmekle kalmayan, ayn\u0131 zamanda el eme\u011fi ah\u015fap tak\u0131lar, ka\u015f\u0131klar, geleneksel balta ve b\u0131\u00e7aklar tasarlayan Yap\u0131c\u0131, sanat\u0131 dijital \u00e7a\u011f\u0131n imkanlar\u0131yla bulu\u015fturarak sosyal medyada 100 milyonu a\u015fk\u0131n izlenme say\u0131s\u0131na ula\u015fm\u0131\u015f ve yerel bir zanaat\u0131 k\u00fcresel bir fenomene d\u00f6n\u00fc\u015ft\u00fcrm\u00fc\u015ft\u00fcr. Do\u011fay\u0131 enduro motosikletiyle ke\u015ffeden, mantar biliminden m\u00fczi\u011fe kadar geni\u015f bir ilgi alan\u0131na sahip olan bu \u00e7ok y\u00f6nl\u00fc usta; evli ve iki k\u0131z \u00e7ocuk babas\u0131 olarak s\u00fcrd\u00fcrd\u00fc\u011f\u00fc ya\u015fam yolculu\u011funda, bug\u00fcn ulusal ve yerel bas\u0131n\u0131n ilgi oda\u011f\u0131 haline gelen, gelene\u011fi dijitalle harmanlayarak ya\u015fatan ya\u015fayan bir hazine olarak takdim edilmektedir.<\/p>\n<\/div><\/section><\/p><\/div><\/p>\n[av_one_full first min_height='' vertical_alignment='av-align-top' space='' row_boxshadow='' row_boxshadow_width='10' row_boxshadow_color='' custom_margin='' margin='0px' av-desktop-margin='' av-medium-margin='' av-small-margin='' av-mini-margin='' mobile_breaking='' mobile_column_order='' border='' border_style='solid' border_color='' radius='' min_col_height='' padding='' av-desktop-padding='' av-medium-padding='' av-small-padding='' av-mini-padding='' svg_div_top='' svg_div_top_color='#333333' svg_div_top_width='100' svg_div_top_height='50' svg_div_top_max_height='none' svg_div_top_flip='' svg_div_top_invert='' svg_div_top_front='' svg_div_top_opacity='' svg_div_top_preview='' svg_div_bottom='' svg_div_bottom_color='#333333' svg_div_bottom_width='100' svg_div_bottom_height='50' svg_div_bottom_max_height='none' svg_div_bottom_flip='' svg_div_bottom_invert='' svg_div_bottom_front='' svg_div_bottom_opacity='' svg_div_bottom_preview='' fold_type='' fold_height='' fold_more='Devam\u0131n\u0131 Oku' fold_less='Read less' fold_text_style='' fold_btn_align='' column_boxshadow='' column_boxshadow_width='10' column_boxshadow_color='' background='bg_color' background_color='' background_gradient_direction='vertical' background_gradient_color1='#000000' background_gradient_color2='#ffffff' background_gradient_color3='' src='' src_dynamic='' background_position='top left' background_repeat='no-repeat' highlight='' highlight_size='' fold_overlay_color='' fold_text_color='' fold_btn_color='theme-color' fold_btn_bg_color='' fold_btn_font_color='' size-btn-text='' av-desktop-font-size-btn-text='' av-medium-font-size-btn-text='' av-small-font-size-btn-text='' av-mini-font-size-btn-text='' animation='' animation_duration='' animation_custom_bg_color='' animation_z_index_curtain='100' parallax_parallax='' parallax_parallax_speed='' av-desktop-parallax_parallax='' av-desktop-parallax_parallax_speed='' av-medium-parallax_parallax='' av-medium-parallax_parallax_speed='' av-small-parallax_parallax='' av-small-parallax_parallax_speed='' av-mini-parallax_parallax='' av-mini-parallax_parallax_speed='' fold_timer='' z_index_fold='' css_position='' css_position_location='' css_position_z_index='' av-desktop-css_position='' av-desktop-css_position_location='' av-desktop-css_position_z_index='' av-medium-css_position='' av-medium-css_position_location='' av-medium-css_position_z_index='' av-small-css_position='' av-small-css_position_location='' av-small-css_position_z_index='' av-mini-css_position='' av-mini-css_position_location='' av-mini-css_position_z_index='' link='' link_dynamic='' linktarget='' link_hover='' title_attr='' alt_attr='' mobile_display='' mobile_col_pos='0' id='' custom_class='' template_class='' aria_label='' av_uid='av-12nj4' sc_version='1.0']\r\n\r\n[av_textblock fold_type='' fold_height='' fold_more='Devam\u0131n\u0131 Oku' fold_less='Read less' fold_text_style='' fold_btn_align='' textblock_styling_align='' textblock_styling='' textblock_styling_gap='' textblock_styling_mobile='' size='' av-desktop-font-size='' av-medium-font-size='' av-small-font-size='' av-mini-font-size='' font_color='' color='' background='bg_color' background_color='' background_gradient_direction='vertical' background_gradient_color1='#000000' background_gradient_color2='#ffffff' background_gradient_color3='' padding='' padding_sync='true' av-desktop-padding='' av-desktop-padding_sync='true' av-medium-padding='' av-medium-padding_sync='true' av-small-padding='' av-small-padding_sync='true' av-mini-padding='' av-mini-padding_sync='true' fold_overlay_color='' fold_text_color='' fold_btn_color='theme-color' fold_btn_bg_color='' fold_btn_font_color='' size-btn-text='' av-desktop-font-size-btn-text='' av-medium-font-size-btn-text='' av-small-font-size-btn-text='' av-mini-font-size-btn-text='' container_tag='' fold_timer='' z_index_fold='' id='' custom_class='' template_class='' av_uid='av-mk5udbwv' sc_version='1.0' admin_preview_bg='']\r\n<p style=\"text-align: center;\">instagram sayfas\u0131 buraya gelecek<\/p>\r\n[\/av_textblock]\r\n\r\n[\/av_one_full]\n","protected":false},"excerpt":{"rendered":"","protected":false},"author":1,"featured_media":0,"parent":0,"menu_order":0,"comment_status":"closed","ping_status":"closed","template":"","meta":{"footnotes":""},"class_list":["post-297","page","type-page","status-publish","hentry"],"jetpack_sharing_enabled":true,"_links":{"self":[{"href":"https:\/\/www.bastoncuali.com\/index.php\/wp-json\/wp\/v2\/pages\/297","targetHints":{"allow":["GET"]}}],"collection":[{"href":"https:\/\/www.bastoncuali.com\/index.php\/wp-json\/wp\/v2\/pages"}],"about":[{"href":"https:\/\/www.bastoncuali.com\/index.php\/wp-json\/wp\/v2\/types\/page"}],"author":[{"embeddable":true,"href":"https:\/\/www.bastoncuali.com\/index.php\/wp-json\/wp\/v2\/users\/1"}],"replies":[{"embeddable":true,"href":"https:\/\/www.bastoncuali.com\/index.php\/wp-json\/wp\/v2\/comments?post=297"}],"version-history":[{"count":23,"href":"https:\/\/www.bastoncuali.com\/index.php\/wp-json\/wp\/v2\/pages\/297\/revisions"}],"predecessor-version":[{"id":787,"href":"https:\/\/www.bastoncuali.com\/index.php\/wp-json\/wp\/v2\/pages\/297\/revisions\/787"}],"wp:attachment":[{"href":"https:\/\/www.bastoncuali.com\/index.php\/wp-json\/wp\/v2\/media?parent=297"}],"curies":[{"name":"wp","href":"https:\/\/api.w.org\/{rel}","templated":true}]}}