{"id":23,"date":"2015-10-15T15:32:40","date_gmt":"2015-10-15T15:32:40","guid":{"rendered":"http:\/\/wpoffice\/construction\/?page_id=23"},"modified":"2026-01-09T00:44:26","modified_gmt":"2026-01-08T21:44:26","slug":"contact","status":"publish","type":"page","link":"https:\/\/www.bastoncuali.com\/index.php\/contact\/","title":{"rendered":"\u0130leti\u015fim"},"content":{"rendered":"<div id='avia-leaflet-map-1' class='av_leaflet_sc_main_wrap av-mk5yaftr-486f5c24e4bdf5a9e7b2995587c440ba av_leaflet_main_wrap'><div class='avia-leaflet-map-container avia-leaflet-map-sc'><div class=\"leaflet-map WPLeafletMap\" style=\"height:420px; width:100%;\"><\/div><script>\nwindow.WPLeafletMapPlugin = window.WPLeafletMapPlugin || [];\nwindow.WPLeafletMapPlugin.push(function WPLeafletMapShortcode() {\/*<script>*\/\nvar baseUrl = atob('aHR0cHM6Ly90aWxlLm9wZW5zdHJlZXRtYXAub3JnL3t6fS97eH0ve3l9LnBuZw==');\nvar base = (!baseUrl && window.MQ) ?\n    window.MQ.mapLayer() : L.tileLayer(baseUrl,\n        L.Util.extend({}, {\n            detectRetina: 0,\n        },\n        {\"subdomains\":\"abc\",\"noWrap\":false,\"maxZoom\":20}        )\n    );\n    var options = L.Util.extend({}, {\n        layers: [base],\n        attributionControl: false\n    },\n    {\"closePopupOnClick\":false,\"dragging\":true,\"keyboard\":true,\"tap\":false,\"zoomControl\":true,\"scrollWheelZoom\":true,\"doubleClickZoom\":false,\"fitBounds\":false,\"minZoom\":0,\"maxZoom\":20,\"maxBounds\":null,\"attribution\":\"<a href=\\\"http:\\\/\\\/leafletjs.com\\\" title=\\\"A JS library for interactive maps\\\">Leaflet<\\\/a>; \\u00a9 <a href=\\\"http:\\\/\\\/www.openstreetmap.org\\\/copyright\\\">OpenStreetMap<\\\/a> contributors\"},\n    {});\nwindow.WPLeafletMapPlugin.createMap(options).setView([41.244258,32.693989],15);window.WPLeafletMapPlugin.createScale({});});<\/script><script>\nwindow.WPLeafletMapPlugin = window.WPLeafletMapPlugin || [];\nwindow.WPLeafletMapPlugin.push(function WPLeafletMarkerShortcode() {\/*<script>*\/\nvar map = window.WPLeafletMapPlugin.getCurrentMap();\nvar group = window.WPLeafletMapPlugin.getCurrentGroup();\nvar marker_options = window.WPLeafletMapPlugin.getIconOptions({\"draggable\":false});\nvar marker = L.marker(\n    [41.244258,32.693989],\n    marker_options\n);\nvar is_image = map.is_image_map;\nif (marker_options.draggable) {\n    marker.on('dragend', function () {\n        var latlng = this.getLatLng();\n        var lat = latlng.lat;\n        var lng = latlng.lng;\n        if (is_image) {\n            console.log('leaflet-marker y=' + lat + ' x=' + lng);\n        } else {\n            console.log('leaflet-marker lat=' + lat + ' lng=' + lng);\n        }\n    });\n}\nmarker.addTo( group );\nmarker.bindPopup(window.WPLeafletMapPlugin.unescape('Bastoncu Konak, Musalla Mahallesi H\u0131d\u0131rl\u0131k Yoku\u015fu Sokak No:4, Safranbolu 78600')).openPopup();window.WPLeafletMapPlugin.markers.push( marker );\n        });<\/script><\/div><\/div>\n<!-- wp:shortcode -->\n<div class=\"hizli-iletisim-konteyner\">\n\n    <div class=\"iletisim-kart\">\n        <div class=\"kart-ikon nav-bg\">\n            <svg viewBox=\"0 0 24 24\" style=\"width:35px; height:35px;\" fill=\"white\" xmlns=\"http:\/\/www.w3.org\/2000\/svg\">\n                <path d=\"M12 2C8.13 2 5 5.13 5 9c0 5.25 7 13 7 13s7-7.75 7-13c0-3.87-3.13-7-7-7zm0 9.5c-1.38 0-2.5-1.12-2.5-2.5s1.12-2.5 2.5-2.5 2.5 1.12 2.5 2.5-1.12 2.5-2.5 2.5z\"\/>\n            <\/svg>\n        <\/div>\n        <h3>YOL TAR\u0130F\u0130<\/h3>\n        <p>At\u00f6lyemize en k\u0131sa yoldan ula\u015fmak i\u00e7in navigasyonu ba\u015flat\u0131n.<\/p>\n        <div class=\"kart-vurgu-alan navigasyon-yazi\">Navigasyonu Ba\u015flat<\/div>\n        <button class=\"nav-btn\" onclick=\"window.open('https:\/\/maps.google.com\/maps\/dir\/\/H%C4%B1d%C4%B1rl%C4%B1k+Yk%C5%9F.+Sk.+Musalla+78600+Safranbolu%2FKarab%C3%BCk\/@41.2442431,32.6941051,18z\/data=!4m5!4m4!1m0!1m2!1m1!1s0x4083552941b6a485:0xa5751d36f2e3fb5e', '_blank')\">Yol Tarifi Al<\/button>\n    <\/div>\n\n    <div class=\"iletisim-kart\">\n        <div class=\"kart-ikon insta-bg\">\n            <img decoding=\"async\" src=\"https:\/\/www.cdnlogo.com\/logos\/i\/92\/instagram.svg\" alt=\"Instagram\">\n        <\/div>\n        <h3>INSTAGRAM DM<\/h3>\n        <p>G\u00fcncel payla\u015f\u0131mlar ve modellerimiz i\u00e7in sayfam\u0131z\u0131 ziyaret edebilirsiniz.<\/p>\n        <div class=\"kart-vurgu-alan\">@bastoncuali<\/div> \n        <button class=\"insta-btn\" onclick=\"window.open('https:\/\/www.instagram.com\/bastoncuali\/', '_blank')\">Instagram'a Git<\/button>\n    <\/div>\n\n<\/div>\n\n<style>\n\/* Kartlar\u0131n yan yana gelmesi i\u00e7in gerekli temel stil *\/\n.hizli-iletisim-konteyner {\n    display: flex;\n    flex-wrap: wrap;\n    gap: 20px;\n    justify-content: center;\n    padding: 20px;\n}\n.iletisim-kart {\n    flex: 1;\n    min-width: 280px;\n    max-width: 400px;\n    \/* Kartlar\u0131n di\u011fer stilleri mevcut CSS dosyan\u0131zdan otomatik al\u0131nacakt\u0131r *\/\n}\n<\/style>\n<!-- \/wp:shortcode -->\n","protected":false},"excerpt":{"rendered":"","protected":false},"author":1,"featured_media":0,"parent":0,"menu_order":0,"comment_status":"closed","ping_status":"closed","template":"","meta":{"footnotes":""},"class_list":["post-23","page","type-page","status-publish","hentry"],"jetpack_sharing_enabled":true,"_links":{"self":[{"href":"https:\/\/www.bastoncuali.com\/index.php\/wp-json\/wp\/v2\/pages\/23","targetHints":{"allow":["GET"]}}],"collection":[{"href":"https:\/\/www.bastoncuali.com\/index.php\/wp-json\/wp\/v2\/pages"}],"about":[{"href":"https:\/\/www.bastoncuali.com\/index.php\/wp-json\/wp\/v2\/types\/page"}],"author":[{"embeddable":true,"href":"https:\/\/www.bastoncuali.com\/index.php\/wp-json\/wp\/v2\/users\/1"}],"replies":[{"embeddable":true,"href":"https:\/\/www.bastoncuali.com\/index.php\/wp-json\/wp\/v2\/comments?post=23"}],"version-history":[{"count":11,"href":"https:\/\/www.bastoncuali.com\/index.php\/wp-json\/wp\/v2\/pages\/23\/revisions"}],"predecessor-version":[{"id":493,"href":"https:\/\/www.bastoncuali.com\/index.php\/wp-json\/wp\/v2\/pages\/23\/revisions\/493"}],"wp:attachment":[{"href":"https:\/\/www.bastoncuali.com\/index.php\/wp-json\/wp\/v2\/media?parent=23"}],"curies":[{"name":"wp","href":"https:\/\/api.w.org\/{rel}","templated":true}]}}